{"id":6,"date":"2024-12-28T15:09:33","date_gmt":"2024-12-28T15:09:33","guid":{"rendered":"https:\/\/www.learngermanfast.de\/test\/?page_id=6"},"modified":"2024-12-31T14:35:59","modified_gmt":"2024-12-31T14:35:59","slug":"%f0%9f%87%a9%f0%9f%87%aa-teste-dein-deutsch-%e2%8f%b3","status":"publish","type":"page","link":"https:\/\/learngermanfast.de\/test\/","title":{"rendered":"\ud83c\udde9\ud83c\uddea Teste dein Deutsch! \u23f3"},"content":{"rendered":"\n<p>Dieser Einstufungstest gibt dir einen ungef\u00e4hren \u00dcberblick \u00fcber dein Deutschniveau.<\/p>\n\n\n\n<p>Der Test dauert 10 Minuten. Nach dem Abschluss bekommst du die Ergebnisse mit einer detaillierten Auswertung per E-Mail.<\/p>\n","protected":false},"excerpt":{"rendered":"<p>Dieser Einstufungstest gibt dir einen ungef\u00e4hren \u00dcberblick \u00fcber dein Deutschniveau. Der Test dauert 10 Minuten. Nach dem Abschluss bekommst du die Ergebnisse mit einer detaillierten Auswertung per E-Mail.<\/p>\n","protected":false},"author":1,"featured_media":0,"parent":0,"menu_order":0,"comment_status":"closed","ping_status":"closed","template":"","meta":{"footnotes":""},"class_list":["post-6","page","type-page","status-publish","hentry"],"acf":[],"yoast_head":"<!-- This site is optimized with the Yoast SEO plugin v24.3 - https:\/\/yoast.com\/wordpress\/plugins\/seo\/ -->\n<title>\ud83c\udde9\ud83c\uddea Teste dein Deutsch! \u23f3 - Test<\/title>\n<meta name=\"robots\" content=\"index, follow, max-snippet:-1, max-image-preview:large, max-video-preview:-1\" \/>\n<link rel=\"canonical\" href=\"https:\/\/learngermanfast.de\/test\/\" \/>\n<meta property=\"og:locale\" content=\"de_DE\" \/>\n<meta property=\"og:type\" content=\"article\" \/>\n<meta property=\"og:title\" content=\"\ud83c\udde9\ud83c\uddea Teste dein Deutsch! \u23f3 - Test\" \/>\n<meta property=\"og:description\" content=\"Dieser Einstufungstest gibt dir einen ungef\u00e4hren \u00dcberblick \u00fcber dein Deutschniveau. Der Test dauert 10 Minuten. Nach dem Abschluss bekommst du die Ergebnisse mit einer detaillierten Auswertung per E-Mail.\" \/>\n<meta property=\"og:url\" content=\"https:\/\/learngermanfast.de\/test\/\" \/>\n<meta property=\"og:site_name\" content=\"Test\" \/>\n<meta property=\"article:modified_time\" content=\"2024-12-31T14:35:59+00:00\" \/>\n<meta name=\"twitter:card\" content=\"summary_large_image\" \/>\n<meta name=\"twitter:label1\" content=\"Gesch\u00e4tzte Lesezeit\" \/>\n\t<meta name=\"twitter:data1\" content=\"1\u00a0Minute\" \/>\n<script type=\"application\/ld+json\" class=\"yoast-schema-graph\">{\"@context\":\"https:\/\/schema.org\",\"@graph\":[{\"@type\":\"WebPage\",\"@id\":\"https:\/\/learngermanfast.de\/test\/\",\"url\":\"https:\/\/learngermanfast.de\/test\/\",\"name\":\"\ud83c\udde9\ud83c\uddea Teste dein Deutsch! \u23f3 - Test\",\"isPartOf\":{\"@id\":\"https:\/\/learngermanfast.de\/test\/#website\"},\"datePublished\":\"2024-12-28T15:09:33+00:00\",\"dateModified\":\"2024-12-31T14:35:59+00:00\",\"breadcrumb\":{\"@id\":\"https:\/\/learngermanfast.de\/test\/#breadcrumb\"},\"inLanguage\":\"de\",\"potentialAction\":[{\"@type\":\"ReadAction\",\"target\":[\"https:\/\/learngermanfast.de\/test\/\"]}]},{\"@type\":\"BreadcrumbList\",\"@id\":\"https:\/\/learngermanfast.de\/test\/#breadcrumb\",\"itemListElement\":[{\"@type\":\"ListItem\",\"position\":1,\"name\":\"Home\",\"item\":\"https:\/\/learngermanfast.de\/test\/\"},{\"@type\":\"ListItem\",\"position\":2,\"name\":\"\ud83c\udde9\ud83c\uddea Teste dein Deutsch! \u23f3\"}]},{\"@type\":\"WebSite\",\"@id\":\"https:\/\/learngermanfast.de\/test\/#website\",\"url\":\"https:\/\/learngermanfast.de\/test\/\",\"name\":\"Test\",\"description\":\"\",\"potentialAction\":[{\"@type\":\"SearchAction\",\"target\":{\"@type\":\"EntryPoint\",\"urlTemplate\":\"https:\/\/learngermanfast.de\/test\/?s={search_term_string}\"},\"query-input\":{\"@type\":\"PropertyValueSpecification\",\"valueRequired\":true,\"valueName\":\"search_term_string\"}}],\"inLanguage\":\"de\"}]}<\/script>\n<!-- \/ Yoast SEO plugin. -->","yoast_head_json":{"title":"\ud83c\udde9\ud83c\uddea Teste dein Deutsch! \u23f3 - Test","robots":{"index":"index","follow":"follow","max-snippet":"max-snippet:-1","max-image-preview":"max-image-preview:large","max-video-preview":"max-video-preview:-1"},"canonical":"https:\/\/learngermanfast.de\/test\/","og_locale":"de_DE","og_type":"article","og_title":"\ud83c\udde9\ud83c\uddea Teste dein Deutsch! \u23f3 - Test","og_description":"Dieser Einstufungstest gibt dir einen ungef\u00e4hren \u00dcberblick \u00fcber dein Deutschniveau. Der Test dauert 10 Minuten. Nach dem Abschluss bekommst du die Ergebnisse mit einer detaillierten Auswertung per E-Mail.","og_url":"https:\/\/learngermanfast.de\/test\/","og_site_name":"Test","article_modified_time":"2024-12-31T14:35:59+00:00","twitter_card":"summary_large_image","twitter_misc":{"Gesch\u00e4tzte Lesezeit":"1\u00a0Minute"},"schema":{"@context":"https:\/\/schema.org","@graph":[{"@type":"WebPage","@id":"https:\/\/learngermanfast.de\/test\/","url":"https:\/\/learngermanfast.de\/test\/","name":"\ud83c\udde9\ud83c\uddea Teste dein Deutsch! \u23f3 - Test","isPartOf":{"@id":"https:\/\/learngermanfast.de\/test\/#website"},"datePublished":"2024-12-28T15:09:33+00:00","dateModified":"2024-12-31T14:35:59+00:00","breadcrumb":{"@id":"https:\/\/learngermanfast.de\/test\/#breadcrumb"},"inLanguage":"de","potentialAction":[{"@type":"ReadAction","target":["https:\/\/learngermanfast.de\/test\/"]}]},{"@type":"BreadcrumbList","@id":"https:\/\/learngermanfast.de\/test\/#breadcrumb","itemListElement":[{"@type":"ListItem","position":1,"name":"Home","item":"https:\/\/learngermanfast.de\/test\/"},{"@type":"ListItem","position":2,"name":"\ud83c\udde9\ud83c\uddea Teste dein Deutsch! \u23f3"}]},{"@type":"WebSite","@id":"https:\/\/learngermanfast.de\/test\/#website","url":"https:\/\/learngermanfast.de\/test\/","name":"Test","description":"","potentialAction":[{"@type":"SearchAction","target":{"@type":"EntryPoint","urlTemplate":"https:\/\/learngermanfast.de\/test\/?s={search_term_string}"},"query-input":{"@type":"PropertyValueSpecification","valueRequired":true,"valueName":"search_term_string"}}],"inLanguage":"de"}]}},"_links":{"self":[{"href":"https:\/\/learngermanfast.de\/test\/wp-json\/wp\/v2\/pages\/6","targetHints":{"allow":["GET"]}}],"collection":[{"href":"https:\/\/learngermanfast.de\/test\/wp-json\/wp\/v2\/pages"}],"about":[{"href":"https:\/\/learngermanfast.de\/test\/wp-json\/wp\/v2\/types\/page"}],"author":[{"embeddable":true,"href":"https:\/\/learngermanfast.de\/test\/wp-json\/wp\/v2\/users\/1"}],"replies":[{"embeddable":true,"href":"https:\/\/learngermanfast.de\/test\/wp-json\/wp\/v2\/comments?post=6"}],"version-history":[{"count":2,"href":"https:\/\/learngermanfast.de\/test\/wp-json\/wp\/v2\/pages\/6\/revisions"}],"predecessor-version":[{"id":43357,"href":"https:\/\/learngermanfast.de\/test\/wp-json\/wp\/v2\/pages\/6\/revisions\/43357"}],"wp:attachment":[{"href":"https:\/\/learngermanfast.de\/test\/wp-json\/wp\/v2\/media?parent=6"}],"curies":[{"name":"wp","href":"https:\/\/api.w.org\/{rel}","templated":true}]}}